{"id":32,"date":"2023-12-07T11:49:40","date_gmt":"2023-12-07T11:49:40","guid":{"rendered":"https:\/\/anabolafortjejer.com\/?page_id=32"},"modified":"2023-12-07T11:50:39","modified_gmt":"2023-12-07T11:50:39","slug":"viktnedgang-med-semaglutid","status":"publish","type":"page","link":"https:\/\/anabolafortjejer.com\/index.php\/viktnedgang-med-semaglutid\/","title":{"rendered":"Viktnedg\u00e5ng med Semaglutid"},"content":{"rendered":"\n<p><a href=\"https:\/\/anabolasteroider.net\/shop\/alla-produkter\/semaglutide-5mg\/\">Semaglutid<\/a>, \u00e4ven k\u00e4nt som varum\u00e4rket&nbsp;<a href=\"https:\/\/anabolasteroider.net\/shop\/alla-produkter\/semaglutide-5mg\/\">Ozempic<\/a>, \u00e4r ett l\u00e4kemedel som kan anv\u00e4ndas f\u00f6r viktnedg\u00e5ng. Fr\u00e5n b\u00f6rjan var Semaglutid avsett f\u00f6r \u00f6verviktiga personer med Typ-2 diabetes och det g\u00f6r att det fungerar p\u00e5 \u00f6verviktiga m\u00e4nniskor utan diabetes ocks\u00e5.  <\/p>\n\n\n\n<figure class=\"wp-block-image size-full\"><a href=\"https:\/\/anabolasteroider.net\/shop\/alla-produkter\/semaglutide-5mg\/\"><img decoding=\"async\" loading=\"lazy\" width=\"718\" height=\"398\" src=\"http:\/\/anabolafortjejer.com\/wp-content\/uploads\/2023\/12\/Semaglutid_5mg.png\" alt=\"viktnedg\u00e5ng_semaglutid_ozempic\" class=\"wp-image-33\" srcset=\"https:\/\/anabolafortjejer.com\/wp-content\/uploads\/2023\/12\/Semaglutid_5mg.png 718w, https:\/\/anabolafortjejer.com\/wp-content\/uploads\/2023\/12\/Semaglutid_5mg-300x166.png 300w\" sizes=\"(max-width: 718px) 100vw, 718px\" \/><\/a><\/figure>\n","protected":false},"excerpt":{"rendered":"<p>Semaglutid, \u00e4ven k\u00e4nt som varum\u00e4rket&nbsp;Ozempic, \u00e4r ett l\u00e4kemedel som kan anv\u00e4ndas f\u00f6r viktnedg\u00e5ng. Fr\u00e5n b\u00f6rjan var Semaglutid avsett f\u00f6r \u00f6verviktiga personer med Typ-2 diabetes och det g\u00f6r att det fungerar p\u00e5 \u00f6verviktiga m\u00e4nniskor utan diabetes ocks\u00e5.<\/p>\n","protected":false},"author":2,"featured_media":33,"parent":0,"menu_order":0,"comment_status":"closed","ping_status":"closed","template":"","meta":[],"yoast_head":"<!-- This site is optimized with the Yoast SEO plugin v20.2.1 - https:\/\/yoast.com\/wordpress\/plugins\/seo\/ -->\n<title>Viktnedg\u00e5ng med Semaglutid - Anabola f\u00f6r tjejer<\/title>\n<meta name=\"description\" content=\"Intialt var Semaglutid avsett f\u00f6r \u00f6verviktiga personer med Typ-2 diabetes och det g\u00f6r att Semaglutid fungerar p\u00e5 \u00f6verviktiga m\u00e4nniskor utan diabetes ocks\u00e5.\" \/>\n<meta name=\"robots\" content=\"index, follow, max-snippet:-1, max-image-preview:large, max-video-preview:-1\" \/>\n<link rel=\"canonical\" href=\"https:\/\/anabolafortjejer.com\/index.php\/viktnedgang-med-semaglutid\/\" \/>\n<meta property=\"og:locale\" content=\"sv_SE\" \/>\n<meta property=\"og:type\" content=\"article\" \/>\n<meta property=\"og:title\" content=\"Viktnedg\u00e5ng med Semaglutid - Anabola f\u00f6r tjejer\" \/>\n<meta property=\"og:description\" content=\"Intialt var Semaglutid avsett f\u00f6r \u00f6verviktiga personer med Typ-2 diabetes och det g\u00f6r att Semaglutid fungerar p\u00e5 \u00f6verviktiga m\u00e4nniskor utan diabetes ocks\u00e5.\" \/>\n<meta property=\"og:url\" content=\"https:\/\/anabolafortjejer.com\/index.php\/viktnedgang-med-semaglutid\/\" \/>\n<meta property=\"og:site_name\" content=\"Anabola f\u00f6r tjejer\" \/>\n<meta property=\"article:modified_time\" content=\"2023-12-07T11:50:39+00:00\" \/>\n<meta property=\"og:image\" content=\"http:\/\/anabolafortjejer.com\/wp-content\/uploads\/2023\/12\/Semaglutid_5mg.png\" \/>\n\t<meta property=\"og:image:width\" content=\"718\" \/>\n\t<meta property=\"og:image:height\" content=\"398\" \/>\n\t<meta property=\"og:image:type\" content=\"image\/png\" \/>\n<meta name=\"twitter:card\" content=\"summary_large_image\" \/>\n<meta name=\"twitter:label1\" content=\"Ber\u00e4knad l\u00e4stid\" \/>\n\t<meta name=\"twitter:data1\" content=\"1 minut\" \/>\n<script type=\"application\/ld+json\" class=\"yoast-schema-graph\">{\"@context\":\"https:\/\/schema.org\",\"@graph\":[{\"@type\":\"WebPage\",\"@id\":\"https:\/\/anabolafortjejer.com\/index.php\/viktnedgang-med-semaglutid\/\",\"url\":\"https:\/\/anabolafortjejer.com\/index.php\/viktnedgang-med-semaglutid\/\",\"name\":\"Viktnedg\u00e5ng med Semaglutid - Anabola f\u00f6r tjejer\",\"isPartOf\":{\"@id\":\"https:\/\/anabolafortjejer.com\/#website\"},\"datePublished\":\"2023-12-07T11:49:40+00:00\",\"dateModified\":\"2023-12-07T11:50:39+00:00\",\"description\":\"Intialt var Semaglutid avsett f\u00f6r \u00f6verviktiga personer med Typ-2 diabetes och det g\u00f6r att Semaglutid fungerar p\u00e5 \u00f6verviktiga m\u00e4nniskor utan diabetes ocks\u00e5.\",\"breadcrumb\":{\"@id\":\"https:\/\/anabolafortjejer.com\/index.php\/viktnedgang-med-semaglutid\/#breadcrumb\"},\"inLanguage\":\"sv-SE\",\"potentialAction\":[{\"@type\":\"ReadAction\",\"target\":[\"https:\/\/anabolafortjejer.com\/index.php\/viktnedgang-med-semaglutid\/\"]}]},{\"@type\":\"BreadcrumbList\",\"@id\":\"https:\/\/anabolafortjejer.com\/index.php\/viktnedgang-med-semaglutid\/#breadcrumb\",\"itemListElement\":[{\"@type\":\"ListItem\",\"position\":1,\"name\":\"Hem\",\"item\":\"https:\/\/anabolafortjejer.com\/\"},{\"@type\":\"ListItem\",\"position\":2,\"name\":\"Viktnedg\u00e5ng med Semaglutid\"}]},{\"@type\":\"WebSite\",\"@id\":\"https:\/\/anabolafortjejer.com\/#website\",\"url\":\"https:\/\/anabolafortjejer.com\/\",\"name\":\"Anabola f\u00f6r tjejer\",\"description\":\"\",\"potentialAction\":[{\"@type\":\"SearchAction\",\"target\":{\"@type\":\"EntryPoint\",\"urlTemplate\":\"https:\/\/anabolafortjejer.com\/?s={search_term_string}\"},\"query-input\":\"required name=search_term_string\"}],\"inLanguage\":\"sv-SE\"}]}<\/script>\n<!-- \/ Yoast SEO plugin. -->","yoast_head_json":{"title":"Viktnedg\u00e5ng med Semaglutid - Anabola f\u00f6r tjejer","description":"Intialt var Semaglutid avsett f\u00f6r \u00f6verviktiga personer med Typ-2 diabetes och det g\u00f6r att Semaglutid fungerar p\u00e5 \u00f6verviktiga m\u00e4nniskor utan diabetes ocks\u00e5.","robots":{"index":"index","follow":"follow","max-snippet":"max-snippet:-1","max-image-preview":"max-image-preview:large","max-video-preview":"max-video-preview:-1"},"canonical":"https:\/\/anabolafortjejer.com\/index.php\/viktnedgang-med-semaglutid\/","og_locale":"sv_SE","og_type":"article","og_title":"Viktnedg\u00e5ng med Semaglutid - Anabola f\u00f6r tjejer","og_description":"Intialt var Semaglutid avsett f\u00f6r \u00f6verviktiga personer med Typ-2 diabetes och det g\u00f6r att Semaglutid fungerar p\u00e5 \u00f6verviktiga m\u00e4nniskor utan diabetes ocks\u00e5.","og_url":"https:\/\/anabolafortjejer.com\/index.php\/viktnedgang-med-semaglutid\/","og_site_name":"Anabola f\u00f6r tjejer","article_modified_time":"2023-12-07T11:50:39+00:00","og_image":[{"width":718,"height":398,"url":"http:\/\/anabolafortjejer.com\/wp-content\/uploads\/2023\/12\/Semaglutid_5mg.png","type":"image\/png"}],"twitter_card":"summary_large_image","twitter_misc":{"Ber\u00e4knad l\u00e4stid":"1 minut"},"schema":{"@context":"https:\/\/schema.org","@graph":[{"@type":"WebPage","@id":"https:\/\/anabolafortjejer.com\/index.php\/viktnedgang-med-semaglutid\/","url":"https:\/\/anabolafortjejer.com\/index.php\/viktnedgang-med-semaglutid\/","name":"Viktnedg\u00e5ng med Semaglutid - Anabola f\u00f6r tjejer","isPartOf":{"@id":"https:\/\/anabolafortjejer.com\/#website"},"datePublished":"2023-12-07T11:49:40+00:00","dateModified":"2023-12-07T11:50:39+00:00","description":"Intialt var Semaglutid avsett f\u00f6r \u00f6verviktiga personer med Typ-2 diabetes och det g\u00f6r att Semaglutid fungerar p\u00e5 \u00f6verviktiga m\u00e4nniskor utan diabetes ocks\u00e5.","breadcrumb":{"@id":"https:\/\/anabolafortjejer.com\/index.php\/viktnedgang-med-semaglutid\/#breadcrumb"},"inLanguage":"sv-SE","potentialAction":[{"@type":"ReadAction","target":["https:\/\/anabolafortjejer.com\/index.php\/viktnedgang-med-semaglutid\/"]}]},{"@type":"BreadcrumbList","@id":"https:\/\/anabolafortjejer.com\/index.php\/viktnedgang-med-semaglutid\/#breadcrumb","itemListElement":[{"@type":"ListItem","position":1,"name":"Hem","item":"https:\/\/anabolafortjejer.com\/"},{"@type":"ListItem","position":2,"name":"Viktnedg\u00e5ng med Semaglutid"}]},{"@type":"WebSite","@id":"https:\/\/anabolafortjejer.com\/#website","url":"https:\/\/anabolafortjejer.com\/","name":"Anabola f\u00f6r tjejer","description":"","potentialAction":[{"@type":"SearchAction","target":{"@type":"EntryPoint","urlTemplate":"https:\/\/anabolafortjejer.com\/?s={search_term_string}"},"query-input":"required name=search_term_string"}],"inLanguage":"sv-SE"}]}},"_links":{"self":[{"href":"https:\/\/anabolafortjejer.com\/index.php\/wp-json\/wp\/v2\/pages\/32"}],"collection":[{"href":"https:\/\/anabolafortjejer.com\/index.php\/wp-json\/wp\/v2\/pages"}],"about":[{"href":"https:\/\/anabolafortjejer.com\/index.php\/wp-json\/wp\/v2\/types\/page"}],"author":[{"embeddable":true,"href":"https:\/\/anabolafortjejer.com\/index.php\/wp-json\/wp\/v2\/users\/2"}],"replies":[{"embeddable":true,"href":"https:\/\/anabolafortjejer.com\/index.php\/wp-json\/wp\/v2\/comments?post=32"}],"version-history":[{"count":3,"href":"https:\/\/anabolafortjejer.com\/index.php\/wp-json\/wp\/v2\/pages\/32\/revisions"}],"predecessor-version":[{"id":37,"href":"https:\/\/anabolafortjejer.com\/index.php\/wp-json\/wp\/v2\/pages\/32\/revisions\/37"}],"wp:featuredmedia":[{"embeddable":true,"href":"https:\/\/anabolafortjejer.com\/index.php\/wp-json\/wp\/v2\/media\/33"}],"wp:attachment":[{"href":"https:\/\/anabolafortjejer.com\/index.php\/wp-json\/wp\/v2\/media?parent=32"}],"curies":[{"name":"wp","href":"https:\/\/api.w.org\/{rel}","templated":true}]}}