{"id":2,"date":"2023-02-27T13:51:15","date_gmt":"2023-02-27T13:51:15","guid":{"rendered":"http:\/\/anabolafortjejer.com\/?page_id=2"},"modified":"2023-03-03T16:31:45","modified_gmt":"2023-03-03T16:31:45","slug":"sample-page","status":"publish","type":"page","link":"https:\/\/anabolafortjejer.com\/","title":{"rendered":"Steroider f\u00f6r tjejer"},"content":{"rendered":"\n<p><a href=\"https:\/\/anabolasteroider.net\/steroider-for-tjejer\/\">Steroider f\u00f6r tjejer<\/a> \u00e4r sv\u00e5rare att v\u00e4lja ut \u00e4n f\u00f6r killar. Det kr\u00e4ver mer kunskap och b\u00e4ttre kvalitet p\u00e5 steroiderna, vilket ofta resulterar i en dyrare steroid, men f\u00f6rdelen \u00e4r att tjejer beh\u00f6ver en mycket l\u00e4gre dos steroider \u00e4n killar, s\u00e5 i slut\u00e4ndan s\u00e5 spelar det ingen st\u00f6rre roll.<\/p>\n\n\n\n<h2>Tjejer v\u00e4ljer en&nbsp;l\u00e5gandrogen steroid<\/h2>\n\n\n\n<p>Tjejer b\u00f6r v\u00e4lja en&nbsp;<a href=\"https:\/\/anabolasteroider.net\/shop\/primobolan\/primobolan-enanthate\/\">l\u00e5gandrogen steroid<\/a>&nbsp;som inte har f\u00f6r starka androgena (f\u00f6rmanligande) effekter. Primobolan \u00e4r ett mycket bra val av steroid f\u00f6r tjejer som vill testa ett alternativ till&nbsp;<a href=\"https:\/\/anabolasteroider.net\/shop\/steroider-for-tjejer\/nandrolone-deca-2000mg\/\">nandrolone deca<\/a>&nbsp;eller anavar.&nbsp;<\/p>\n\n\n\n<h2>Primobolan \u00e4r den b\u00e4sta steroiden f\u00f6r tjejer<\/h2>\n\n\n\n<p><a href=\"https:\/\/anabolasteroider.net\/shop\/primobolan\/primobolan-enanthate\/\">Primobolan<\/a>&nbsp;blev v\u00e4lk\u00e4nd d\u00e5 den var \u201dArnolds favorit\u201d, en mild och l\u00e5gandrogen steroid som ger f\u00e5 biverkningar men v\u00e4ldigt fina resultat p\u00e5 lite h\u00f6gre doser. En dyrare steroid som \u00e4r ovanlig att hitta med r\u00e4tt inneh\u00e5ll. Primobolan binder ingen v\u00e4tska s\u00e5 passar perfekt som den \u00e4r vid en deff eller stacka tillsammans med Deca f\u00f6r att bygga extrem muskelmassa vid en bulk. Primobolan ger \u00f6kat v\u00e4lm\u00e5ende och en tonad och mer slimmad look.<\/p>\n\n\n\n<h2>Vanligt med falsk primobolan<\/h2>\n\n\n\n<p>D\u00e5 det g\u00e5r att ligga p\u00e5 h\u00f6ga doser Primobolan f\u00f6r tjejer utan att f\u00e5 n\u00e4mnv\u00e4rda biverkningar ger primobolan v\u00e4ldigt fina resultat. Flera s\u00e4ljer billig primobolan vilket ofta inte \u00e4r primobolan utan&nbsp;<a href=\"https:\/\/anabolasteroider.net\/shop\/steroider-for-tjejer\/nandrolone-deca-1000mg\/\">deca<\/a>&nbsp;eller&nbsp;<a href=\"https:\/\/anabolasteroider.net\/shop\/steroider-storpack\/masterone-enanthate-1000mg\/\">masteron<\/a>. \u00c4kta primobolan kostar mer och \u00e4r b\u00e4ttre.<\/p>\n","protected":false},"excerpt":{"rendered":"<p>Steroider f\u00f6r tjejer \u00e4r sv\u00e5rare att v\u00e4lja ut \u00e4n f\u00f6r killar. Det kr\u00e4ver mer kunskap och b\u00e4ttre kvalitet p\u00e5 steroiderna, vilket ofta resulterar i en dyrare steroid, men f\u00f6rdelen \u00e4r att tjejer beh\u00f6ver en mycket l\u00e4gre dos steroider \u00e4n killar, s\u00e5 i slut\u00e4ndan s\u00e5 spelar det ingen st\u00f6rre roll. Tjejer v\u00e4ljer en&nbsp;l\u00e5gandrogen steroid Tjejer b\u00f6r [&hellip;]<\/p>\n","protected":false},"author":2,"featured_media":6,"parent":0,"menu_order":0,"comment_status":"closed","ping_status":"open","template":"","meta":[],"yoast_head":"<!-- This site is optimized with the Yoast SEO plugin v20.2.1 - https:\/\/yoast.com\/wordpress\/plugins\/seo\/ -->\n<title>Steroider f\u00f6r tjejer - Anabola f\u00f6r tjejer<\/title>\n<meta name=\"description\" content=\"Steroider f\u00f6r tjejer \u00e4r sv\u00e5rare att v\u00e4lja ut \u00e4n f\u00f6r killar. Kr\u00e4ver kunskap och kvalitet p\u00e5 steroiderna, som resulterar i en dyrare steroid.\" \/>\n<meta name=\"robots\" content=\"index, follow, max-snippet:-1, max-image-preview:large, max-video-preview:-1\" \/>\n<link rel=\"canonical\" href=\"https:\/\/anabolafortjejer.com\/\" \/>\n<meta property=\"og:locale\" content=\"sv_SE\" \/>\n<meta property=\"og:type\" content=\"article\" \/>\n<meta property=\"og:title\" content=\"Steroider f\u00f6r tjejer - Anabola f\u00f6r tjejer\" \/>\n<meta property=\"og:description\" content=\"Steroider f\u00f6r tjejer \u00e4r sv\u00e5rare att v\u00e4lja ut \u00e4n f\u00f6r killar. Kr\u00e4ver kunskap och kvalitet p\u00e5 steroiderna, som resulterar i en dyrare steroid.\" \/>\n<meta property=\"og:url\" content=\"https:\/\/anabolafortjejer.com\/\" \/>\n<meta property=\"og:site_name\" content=\"Anabola f\u00f6r tjejer\" \/>\n<meta property=\"article:modified_time\" content=\"2023-03-03T16:31:45+00:00\" \/>\n<meta property=\"og:image\" content=\"http:\/\/anabolafortjejer.com\/wp-content\/uploads\/2023\/03\/banner-annons_tjejer_anabolasteroider_net-scaled.jpg\" \/>\n\t<meta property=\"og:image:width\" content=\"2560\" \/>\n\t<meta property=\"og:image:height\" content=\"695\" \/>\n\t<meta property=\"og:image:type\" content=\"image\/jpeg\" \/>\n<meta name=\"twitter:card\" content=\"summary_large_image\" \/>\n<meta name=\"twitter:label1\" content=\"Ber\u00e4knad l\u00e4stid\" \/>\n\t<meta name=\"twitter:data1\" content=\"2 minuter\" \/>\n<script type=\"application\/ld+json\" class=\"yoast-schema-graph\">{\"@context\":\"https:\/\/schema.org\",\"@graph\":[{\"@type\":\"WebPage\",\"@id\":\"https:\/\/anabolafortjejer.com\/\",\"url\":\"https:\/\/anabolafortjejer.com\/\",\"name\":\"Steroider f\u00f6r tjejer - Anabola f\u00f6r tjejer\",\"isPartOf\":{\"@id\":\"https:\/\/anabolafortjejer.com\/#website\"},\"datePublished\":\"2023-02-27T13:51:15+00:00\",\"dateModified\":\"2023-03-03T16:31:45+00:00\",\"description\":\"Steroider f\u00f6r tjejer \u00e4r sv\u00e5rare att v\u00e4lja ut \u00e4n f\u00f6r killar. Kr\u00e4ver kunskap och kvalitet p\u00e5 steroiderna, som resulterar i en dyrare steroid.\",\"breadcrumb\":{\"@id\":\"https:\/\/anabolafortjejer.com\/#breadcrumb\"},\"inLanguage\":\"sv-SE\",\"potentialAction\":[{\"@type\":\"ReadAction\",\"target\":[\"https:\/\/anabolafortjejer.com\/\"]}]},{\"@type\":\"BreadcrumbList\",\"@id\":\"https:\/\/anabolafortjejer.com\/#breadcrumb\",\"itemListElement\":[{\"@type\":\"ListItem\",\"position\":1,\"name\":\"Hem\",\"item\":\"https:\/\/anabolafortjejer.com\/\"},{\"@type\":\"ListItem\",\"position\":2,\"name\":\"Steroider f\u00f6r tjejer\"}]},{\"@type\":\"WebSite\",\"@id\":\"https:\/\/anabolafortjejer.com\/#website\",\"url\":\"https:\/\/anabolafortjejer.com\/\",\"name\":\"Anabola f\u00f6r tjejer\",\"description\":\"\",\"potentialAction\":[{\"@type\":\"SearchAction\",\"target\":{\"@type\":\"EntryPoint\",\"urlTemplate\":\"https:\/\/anabolafortjejer.com\/?s={search_term_string}\"},\"query-input\":\"required name=search_term_string\"}],\"inLanguage\":\"sv-SE\"}]}<\/script>\n<!-- \/ Yoast SEO plugin. -->","yoast_head_json":{"title":"Steroider f\u00f6r tjejer - Anabola f\u00f6r tjejer","description":"Steroider f\u00f6r tjejer \u00e4r sv\u00e5rare att v\u00e4lja ut \u00e4n f\u00f6r killar. Kr\u00e4ver kunskap och kvalitet p\u00e5 steroiderna, som resulterar i en dyrare steroid.","robots":{"index":"index","follow":"follow","max-snippet":"max-snippet:-1","max-image-preview":"max-image-preview:large","max-video-preview":"max-video-preview:-1"},"canonical":"https:\/\/anabolafortjejer.com\/","og_locale":"sv_SE","og_type":"article","og_title":"Steroider f\u00f6r tjejer - Anabola f\u00f6r tjejer","og_description":"Steroider f\u00f6r tjejer \u00e4r sv\u00e5rare att v\u00e4lja ut \u00e4n f\u00f6r killar. Kr\u00e4ver kunskap och kvalitet p\u00e5 steroiderna, som resulterar i en dyrare steroid.","og_url":"https:\/\/anabolafortjejer.com\/","og_site_name":"Anabola f\u00f6r tjejer","article_modified_time":"2023-03-03T16:31:45+00:00","og_image":[{"width":2560,"height":695,"url":"http:\/\/anabolafortjejer.com\/wp-content\/uploads\/2023\/03\/banner-annons_tjejer_anabolasteroider_net-scaled.jpg","type":"image\/jpeg"}],"twitter_card":"summary_large_image","twitter_misc":{"Ber\u00e4knad l\u00e4stid":"2 minuter"},"schema":{"@context":"https:\/\/schema.org","@graph":[{"@type":"WebPage","@id":"https:\/\/anabolafortjejer.com\/","url":"https:\/\/anabolafortjejer.com\/","name":"Steroider f\u00f6r tjejer - Anabola f\u00f6r tjejer","isPartOf":{"@id":"https:\/\/anabolafortjejer.com\/#website"},"datePublished":"2023-02-27T13:51:15+00:00","dateModified":"2023-03-03T16:31:45+00:00","description":"Steroider f\u00f6r tjejer \u00e4r sv\u00e5rare att v\u00e4lja ut \u00e4n f\u00f6r killar. Kr\u00e4ver kunskap och kvalitet p\u00e5 steroiderna, som resulterar i en dyrare steroid.","breadcrumb":{"@id":"https:\/\/anabolafortjejer.com\/#breadcrumb"},"inLanguage":"sv-SE","potentialAction":[{"@type":"ReadAction","target":["https:\/\/anabolafortjejer.com\/"]}]},{"@type":"BreadcrumbList","@id":"https:\/\/anabolafortjejer.com\/#breadcrumb","itemListElement":[{"@type":"ListItem","position":1,"name":"Hem","item":"https:\/\/anabolafortjejer.com\/"},{"@type":"ListItem","position":2,"name":"Steroider f\u00f6r tjejer"}]},{"@type":"WebSite","@id":"https:\/\/anabolafortjejer.com\/#website","url":"https:\/\/anabolafortjejer.com\/","name":"Anabola f\u00f6r tjejer","description":"","potentialAction":[{"@type":"SearchAction","target":{"@type":"EntryPoint","urlTemplate":"https:\/\/anabolafortjejer.com\/?s={search_term_string}"},"query-input":"required name=search_term_string"}],"inLanguage":"sv-SE"}]}},"_links":{"self":[{"href":"https:\/\/anabolafortjejer.com\/index.php\/wp-json\/wp\/v2\/pages\/2"}],"collection":[{"href":"https:\/\/anabolafortjejer.com\/index.php\/wp-json\/wp\/v2\/pages"}],"about":[{"href":"https:\/\/anabolafortjejer.com\/index.php\/wp-json\/wp\/v2\/types\/page"}],"author":[{"embeddable":true,"href":"https:\/\/anabolafortjejer.com\/index.php\/wp-json\/wp\/v2\/users\/2"}],"replies":[{"embeddable":true,"href":"https:\/\/anabolafortjejer.com\/index.php\/wp-json\/wp\/v2\/comments?post=2"}],"version-history":[{"count":3,"href":"https:\/\/anabolafortjejer.com\/index.php\/wp-json\/wp\/v2\/pages\/2\/revisions"}],"predecessor-version":[{"id":9,"href":"https:\/\/anabolafortjejer.com\/index.php\/wp-json\/wp\/v2\/pages\/2\/revisions\/9"}],"wp:featuredmedia":[{"embeddable":true,"href":"https:\/\/anabolafortjejer.com\/index.php\/wp-json\/wp\/v2\/media\/6"}],"wp:attachment":[{"href":"https:\/\/anabolafortjejer.com\/index.php\/wp-json\/wp\/v2\/media?parent=2"}],"curies":[{"name":"wp","href":"https:\/\/api.w.org\/{rel}","templated":true}]}}